{"id":82,"date":"2021-02-10T11:20:40","date_gmt":"2021-02-10T10:20:40","guid":{"rendered":"http:\/\/centrum-likwidacji-szkod.pl\/?page_id=82"},"modified":"2021-02-10T17:06:20","modified_gmt":"2021-02-10T16:06:20","slug":"elementor-82","status":"publish","type":"page","link":"https:\/\/centrum-likwidacji-szkod.pl\/index.php\/elementor-82\/","title":{"rendered":"Auto zast\u0119pcze"},"content":{"rendered":"\t\t<div data-elementor-type=\"wp-page\" data-elementor-id=\"82\" class=\"elementor elementor-82\">\n\t\t\t\t\t\t<div class=\"elementor-inner\">\n\t\t\t\t<div class=\"elementor-section-wrap\">\n\t\t\t\t\t\t\t\t\t<section class=\"elementor-section elementor-top-section elementor-element elementor-element-1c7af9c1 elementor-section-full_width elementor-section-height-min-height elementor-section-content-middle elementor-section-height-default elementor-section-items-middle\" data-id=\"1c7af9c1\" data-element_type=\"section\" data-settings=\"{&quot;background_background&quot;:&quot;gradient&quot;}\">\n\t\t\t\t\t\t<div class=\"elementor-container elementor-column-gap-default\">\n\t\t\t\t\t\t\t<div class=\"elementor-row\">\n\t\t\t\t\t<div class=\"elementor-column elementor-col-100 elementor-top-column elementor-element elementor-element-74f4d3b1\" data-id=\"74f4d3b1\" data-element_type=\"column\">\n\t\t\t<div class=\"elementor-column-wrap elementor-element-populated\">\n\t\t\t\t\t\t\t<div class=\"elementor-widget-wrap\">\n\t\t\t\t\t\t<div class=\"elementor-element elementor-element-ff479e7 elementor-widget__width-inherit elementor-widget elementor-widget-heading\" data-id=\"ff479e7\" data-element_type=\"widget\" data-widget_type=\"heading.default\">\n\t\t\t\t<div class=\"elementor-widget-container\">\n\t\t\t<h2 class=\"elementor-heading-title elementor-size-default\">Auto zast\u0119pcze<\/h2>\t\t<\/div>\n\t\t\t\t<\/div>\n\t\t\t\t\t\t<\/div>\n\t\t\t\t\t<\/div>\n\t\t<\/div>\n\t\t\t\t\t\t\t\t<\/div>\n\t\t\t\t\t<\/div>\n\t\t<\/section>\n\t\t\t\t<section class=\"elementor-section elementor-top-section elementor-element elementor-element-5fe36f3 elementor-section-boxed elementor-section-height-default elementor-section-height-default\" data-id=\"5fe36f3\" data-element_type=\"section\">\n\t\t\t\t\t\t<div class=\"elementor-container elementor-column-gap-default\">\n\t\t\t\t\t\t\t<div class=\"elementor-row\">\n\t\t\t\t\t<div class=\"elementor-column elementor-col-100 elementor-top-column elementor-element elementor-element-1cc255b\" data-id=\"1cc255b\" data-element_type=\"column\">\n\t\t\t<div class=\"elementor-column-wrap elementor-element-populated\">\n\t\t\t\t\t\t\t<div class=\"elementor-widget-wrap\">\n\t\t\t\t\t\t<div class=\"elementor-element elementor-element-9cefc9b elementor-widget elementor-widget-text-editor\" data-id=\"9cefc9b\" data-element_type=\"widget\" data-widget_type=\"text-editor.default\">\n\t\t\t\t<div class=\"elementor-widget-container\">\n\t\t\t\t\t\t\t\t<div class=\"elementor-text-editor elementor-clearfix\">\n\t\t\t\t<h3>Korzystasz z samochodu do cel\u00f3w zarobkowych czy te\u017c prywatnych, w razie wypadku mo\u017cesz wynaj\u0105\u0107 auto zast\u0119pcze. Koszty pokryte zostan\u0105 z OC sprawcy. Dotychczas ubezpieczyciele cz\u0119sto odmawiali rekompensaty za wynajem, je\u015bli ubiega\u0142a si\u0119 o ni\u0105 osoba prywatna. W tej sprawie, tylko w 2011 r., Rzecznik Ubezpieczonych musia\u0142 interweniowa\u0107 a\u017c 375 razy. Sytuacja si\u0119 zmieni\u0142a.<\/h3>\t\t\t\t\t<\/div>\n\t\t\t\t\t\t<\/div>\n\t\t\t\t<\/div>\n\t\t\t\t\t\t<\/div>\n\t\t\t\t\t<\/div>\n\t\t<\/div>\n\t\t\t\t\t\t\t\t<\/div>\n\t\t\t\t\t<\/div>\n\t\t<\/section>\n\t\t\t\t<section class=\"elementor-section elementor-top-section elementor-element elementor-element-57c685a elementor-section-boxed elementor-section-height-default elementor-section-height-default\" data-id=\"57c685a\" data-element_type=\"section\">\n\t\t\t\t\t\t<div class=\"elementor-container elementor-column-gap-default\">\n\t\t\t\t\t\t\t<div class=\"elementor-row\">\n\t\t\t\t\t<div class=\"elementor-column elementor-col-66 elementor-top-column elementor-element elementor-element-e357d65\" data-id=\"e357d65\" data-element_type=\"column\">\n\t\t\t<div class=\"elementor-column-wrap elementor-element-populated\">\n\t\t\t\t\t\t\t<div class=\"elementor-widget-wrap\">\n\t\t\t\t\t\t<div class=\"elementor-element elementor-element-e2405fa elementor-widget elementor-widget-text-editor\" data-id=\"e2405fa\" data-element_type=\"widget\" data-widget_type=\"text-editor.default\">\n\t\t\t\t<div class=\"elementor-widget-container\">\n\t\t\t\t\t\t\t\t<div class=\"elementor-text-editor elementor-clearfix\">\n\t\t\t\t<p>Towarzystwa ubezpieczeniowe musz\u0105 zwr\u00f3ci\u0107 poszkodowanemu koszy wynaj\u0119cia samochodu zast\u0119pczego, tak\u017ce w sytuacji gdy korzysta\u0142 on ze swojego uszkodzonego auto tylko w celach prywatnych &#8211; uzna\u0142 S\u0105d Najwy\u017cszy.<\/p><p>Pieni\u0105dze maj\u0105 pochodzi\u0107 z OC kierowcy, kt\u00f3ry spowodowa\u0142 wypadek. Wcze\u015bniej zwrot koszt\u00f3w za najem pojazdu zast\u0119pczego by\u0142 najcz\u0119\u015bciej przyznawany, gdy uszkodzone auto s\u0142u\u017cy\u0142o do prowadzenia dzia\u0142alno\u015bci gospodarczej.<\/p>\t\t\t\t\t<\/div>\n\t\t\t\t\t\t<\/div>\n\t\t\t\t<\/div>\n\t\t\t\t\t\t<\/div>\n\t\t\t\t\t<\/div>\n\t\t<\/div>\n\t\t\t\t<div class=\"elementor-column elementor-col-33 elementor-top-column elementor-element elementor-element-d74876c\" data-id=\"d74876c\" data-element_type=\"column\">\n\t\t\t<div class=\"elementor-column-wrap elementor-element-populated\">\n\t\t\t\t\t\t\t<div class=\"elementor-widget-wrap\">\n\t\t\t\t\t\t<div class=\"elementor-element elementor-element-f003178 elementor-widget elementor-widget-image\" data-id=\"f003178\" data-element_type=\"widget\" data-widget_type=\"image.default\">\n\t\t\t\t<div class=\"elementor-widget-container\">\n\t\t\t\t\t\t\t\t<div class=\"elementor-image\">\n\t\t\t\t\t\t\t\t\t\t\t\t<img width=\"6790\" height=\"4550\" src=\"https:\/\/centrum-likwidacji-szkod.pl\/wp-content\/uploads\/2021\/02\/4.jpg\" class=\"attachment-full size-full wp-image-189\" alt=\"\" loading=\"lazy\" \/>\t\t\t\t\t\t\t\t\t\t\t\t\t\t<\/div>\n\t\t\t\t\t\t<\/div>\n\t\t\t\t<\/div>\n\t\t\t\t\t\t<\/div>\n\t\t\t\t\t<\/div>\n\t\t<\/div>\n\t\t\t\t\t\t\t\t<\/div>\n\t\t\t\t\t<\/div>\n\t\t<\/section>\n\t\t\t\t<section class=\"elementor-section elementor-top-section elementor-element elementor-element-386b2c5 elementor-section-boxed elementor-section-height-default elementor-section-height-default\" data-id=\"386b2c5\" data-element_type=\"section\">\n\t\t\t\t\t\t<div class=\"elementor-container elementor-column-gap-default\">\n\t\t\t\t\t\t\t<div class=\"elementor-row\">\n\t\t\t\t\t<div class=\"elementor-column elementor-col-100 elementor-top-column elementor-element elementor-element-e8040a4\" data-id=\"e8040a4\" data-element_type=\"column\">\n\t\t\t<div class=\"elementor-column-wrap elementor-element-populated\">\n\t\t\t\t\t\t\t<div class=\"elementor-widget-wrap\">\n\t\t\t\t\t\t<div class=\"elementor-element elementor-element-38c331d elementor-widget elementor-widget-text-editor\" data-id=\"38c331d\" data-element_type=\"widget\" data-widget_type=\"text-editor.default\">\n\t\t\t\t<div class=\"elementor-widget-container\">\n\t\t\t\t\t\t\t\t<div class=\"elementor-text-editor elementor-clearfix\">\n\t\t\t\t<p>Ubezpieczyciele odmawiali zap\u0142aty za\u00a0samoch\u00f3d\u00a0zast\u0119pczy, je\u015bli w\u0142a\u015bciciel wykorzystywa\u0142 swoje auto prywatnie, np. do dojazdu do pracy, na zakupy, czy wo\u017cenie dzieci do\u00a0szko\u0142y. S\u0105d Najwy\u017cszy stwierdzi\u0142, \u017ce taki podzia\u0142 poszkodowanych pozbawiony jest jakichkolwiek podstaw prawnych.<\/p><p>\u00a0<\/p><p>Istniej\u0105 sytuacje wykluczaj\u0105ce mo\u017cliwo\u015b\u0107\u00a0wynajmu\u00a0auta zast\u0119pczego z OC sprawcy. Auto nie nale\u017cy si\u0119 poszkodowanemu, gdy rzadko korzysta\u0142 ze swojego zniszczonego auta b\u0105d\u017a te\u017c dysponuje drugim samochodem, kt\u00f3rym mo\u017ce je\u017adzi\u0107, do momentu wyp\u0142aty odszkodowania i naprawy uszkodzonego pojazdu.<\/p><p>Ubezpieczyciele najcz\u0119\u015bciej argumentowali odmow\u0119 zap\u0142aty za wynajem auta zast\u0119pczego tym, \u017ce kierowca, kt\u00f3ry wykorzystywa\u0142 swoje zniszczone auto wy\u0142\u0105cznie do cel\u00f3w prywatnych, r\u00f3wnie dobrze na czas naprawy mo\u017ce korzysta\u0107 z komunikacji miejskiej.<\/p>\t\t\t\t\t<\/div>\n\t\t\t\t\t\t<\/div>\n\t\t\t\t<\/div>\n\t\t\t\t\t\t<\/div>\n\t\t\t\t\t<\/div>\n\t\t<\/div>\n\t\t\t\t\t\t\t\t<\/div>\n\t\t\t\t\t<\/div>\n\t\t<\/section>\n\t\t\t\t<section class=\"elementor-section elementor-top-section elementor-element elementor-element-869c60a elementor-section-boxed elementor-section-height-default elementor-section-height-default\" data-id=\"869c60a\" data-element_type=\"section\">\n\t\t\t\t\t\t<div class=\"elementor-container elementor-column-gap-default\">\n\t\t\t\t\t\t\t<div class=\"elementor-row\">\n\t\t\t\t\t<div class=\"elementor-column elementor-col-66 elementor-top-column elementor-element elementor-element-b8c8d20\" data-id=\"b8c8d20\" data-element_type=\"column\">\n\t\t\t<div class=\"elementor-column-wrap elementor-element-populated\">\n\t\t\t\t\t\t\t<div class=\"elementor-widget-wrap\">\n\t\t\t\t\t\t<div class=\"elementor-element elementor-element-2792239 elementor-widget elementor-widget-text-editor\" data-id=\"2792239\" data-element_type=\"widget\" data-widget_type=\"text-editor.default\">\n\t\t\t\t<div class=\"elementor-widget-container\">\n\t\t\t\t\t\t\t\t<div class=\"elementor-text-editor elementor-clearfix\">\n\t\t\t\t<p>S\u0105d Najwy\u017cszy stwierdzi\u0142, \u017ce towarzystwa nie mog\u0105 zmusza\u0107 poszkodowanego do jazdy komunikacj\u0105 publiczn\u0105. &#8211; \u201eObecne uwarunkowania rynkowe i spo\u0142eczne, sprawiaj\u0105, \u017ce codzienne korzystanie z pojazdu jest konieczno\u015bci\u0105, kt\u00f3ra wynika z wykonywania zawodu, miejsce zamieszkania czy racjonalnego wykorzystania czasu. Posiadanie samochodu nie jest ju\u017c \u017cadnym luksusem tylko standardem \u017cycia.<\/p>\t\t\t\t\t<\/div>\n\t\t\t\t\t\t<\/div>\n\t\t\t\t<\/div>\n\t\t\t\t\t\t<\/div>\n\t\t\t\t\t<\/div>\n\t\t<\/div>\n\t\t\t\t<div class=\"elementor-column elementor-col-33 elementor-top-column elementor-element elementor-element-e4f8f1b\" data-id=\"e4f8f1b\" data-element_type=\"column\">\n\t\t\t<div class=\"elementor-column-wrap elementor-element-populated\">\n\t\t\t\t\t\t\t<div class=\"elementor-widget-wrap\">\n\t\t\t\t\t\t<div class=\"elementor-element elementor-element-e12094c elementor-widget elementor-widget-image\" data-id=\"e12094c\" data-element_type=\"widget\" data-widget_type=\"image.default\">\n\t\t\t\t<div class=\"elementor-widget-container\">\n\t\t\t\t\t\t\t\t<div class=\"elementor-image\">\n\t\t\t\t\t\t\t\t\t\t\t\t<img width=\"1024\" height=\"639\" src=\"https:\/\/centrum-likwidacji-szkod.pl\/wp-content\/uploads\/2021\/02\/5.jpg\" class=\"attachment-large size-large wp-image-190\" alt=\"\" loading=\"lazy\" \/>\t\t\t\t\t\t\t\t\t\t\t\t\t\t<\/div>\n\t\t\t\t\t\t<\/div>\n\t\t\t\t<\/div>\n\t\t\t\t\t\t<\/div>\n\t\t\t\t\t<\/div>\n\t\t<\/div>\n\t\t\t\t\t\t\t\t<\/div>\n\t\t\t\t\t<\/div>\n\t\t<\/section>\n\t\t\t\t<section class=\"elementor-section elementor-top-section elementor-element elementor-element-951e359 elementor-section-boxed elementor-section-height-default elementor-section-height-default\" data-id=\"951e359\" data-element_type=\"section\">\n\t\t\t\t\t\t<div class=\"elementor-container elementor-column-gap-default\">\n\t\t\t\t\t\t\t<div class=\"elementor-row\">\n\t\t\t\t\t<div class=\"elementor-column elementor-col-100 elementor-top-column elementor-element elementor-element-7a21221\" data-id=\"7a21221\" data-element_type=\"column\">\n\t\t\t<div class=\"elementor-column-wrap elementor-element-populated\">\n\t\t\t\t\t\t\t<div class=\"elementor-widget-wrap\">\n\t\t\t\t\t\t<div class=\"elementor-element elementor-element-a2b763f elementor-widget elementor-widget-text-editor\" data-id=\"a2b763f\" data-element_type=\"widget\" data-widget_type=\"text-editor.default\">\n\t\t\t\t<div class=\"elementor-widget-container\">\n\t\t\t\t\t\t\t\t<div class=\"elementor-text-editor elementor-clearfix\">\n\t\t\t\t<p>Gdy Towarzystwo Ubezpieczeniowe sprawcy wypadku, nie chce zap\u0142aci\u0107 za wynajem auta zast\u0119pczego, mo\u017cna z\u0142o\u017cy\u0107 skarg\u0119 do Rzecznika Ubezpieczonych.<br \/>Tylko w samym 2011 roku do Rzecznika wp\u0142yn\u0119\u0142o a\u017c 375 spraw dotycz\u0105cych refundacji koszt\u00f3w wynajmu pojazdu zast\u0119pczego z OC sprawcy wypadku.<\/p><p>Jedne z g\u0142\u00f3wnych temat\u00f3w skarg to m.in. odmowa zap\u0142aty za pojazd zast\u0119pczy kierowcom, kt\u00f3rzy wykorzystywali zniszczone auto do cel\u00f3w prywatnych oraz zakres refundacji poniesionych koszt\u00f3w wynajmu, kt\u00f3re ustali\u0142 ubezpieczyciel.<\/p><p>Ostatnia kwestia polega na tym, \u017ce Towarzystwa zwraca\u0142y koszty wypo\u017cyczenia auta zast\u0119pczego wy\u0142\u0105cznie za tzw. technologiczny czas naprawy, kt\u00f3ry nie uwzgl\u0119dnia\u0142 wielu istotnych czynnik\u00f3w, takich jak, np. zam\u00f3wienia i konieczne oczekiwania na niezb\u0119dne do naprawy cz\u0119\u015bci.<\/p><p>Zdaniem Rzecznika Ubezpieczonych zwrot koszt\u00f3w pojazdu zast\u0119pczego nale\u017cy si\u0119 za czas rzeczywisty naprawy, czyli za okres, w kt\u00f3rym poszkodowany faktycznie w zwi\u0105zku z napraw\u0105 nie by\u0142 w stanie u\u017cywa\u0107 w\u0142asnego pojazdu.<\/p><p>Poszkodowany kierowca mo\u017ce wynaj\u0105\u0107 auto zast\u0119pcze w dowolnej wypo\u017cyczalni. Ubezpieczyciel nie mo\u017ce wskaza\u0107 konkretnej\u00a0firmy, narzuci\u0107 wysoko\u015b\u0107 stawek wynajmu czy limit\u00f3w kilometr\u00f3w, kt\u00f3re kierowca mo\u017ce przejecha\u0107 wynaj\u0119tym autem. Jedynym warunkiem jest konieczno\u015b\u0107 wyboru samochodu o podobnej klasie, jak ten, kt\u00f3ry uleg\u0142 zniszczeniu w wypadku.<\/p>\t\t\t\t\t<\/div>\n\t\t\t\t\t\t<\/div>\n\t\t\t\t<\/div>\n\t\t\t\t\t\t<\/div>\n\t\t\t\t\t<\/div>\n\t\t<\/div>\n\t\t\t\t\t\t\t\t<\/div>\n\t\t\t\t\t<\/div>\n\t\t<\/section>\n\t\t\t\t\t\t\t\t\t<\/div>\n\t\t\t<\/div>\n\t\t\t\t\t<\/div>\n\t\t","protected":false},"excerpt":{"rendered":"<p>Auto zast\u0119pcze Korzystasz z samochodu do cel\u00f3w zarobkowych czy te\u017c prywatnych, w razie wypadku mo\u017cesz wynaj\u0105\u0107 auto zast\u0119pcze. Koszty pokryte zostan\u0105 z OC sprawcy. Dotychczas ubezpieczyciele cz\u0119sto odmawiali rekompensaty za wynajem, je\u015bli ubiega\u0142a si\u0119 o ni\u0105 osoba prywatna. W tej sprawie, tylko w 2011 r., Rzecznik Ubezpieczonych musia\u0142 interweniowa\u0107 a\u017c 375 razy. Sytuacja si\u0119 zmieni\u0142a. [&hellip;]<\/p>\n","protected":false},"author":1,"featured_media":0,"parent":0,"menu_order":0,"comment_status":"closed","ping_status":"closed","template":"","meta":{"ocean_post_layout":"full-screen","ocean_both_sidebars_style":"","ocean_both_sidebars_content_width":0,"ocean_both_sidebars_sidebars_width":0,"ocean_sidebar":"sidebar-2","ocean_second_sidebar":"0","ocean_disable_margins":"on","ocean_add_body_class":"","ocean_shortcode_before_top_bar":"","ocean_shortcode_after_top_bar":"","ocean_shortcode_before_header":"","ocean_shortcode_after_header":"","ocean_has_shortcode":"","ocean_shortcode_after_title":"","ocean_shortcode_before_footer_widgets":"","ocean_shortcode_after_footer_widgets":"","ocean_shortcode_before_footer_bottom":"","ocean_shortcode_after_footer_bottom":"","ocean_display_top_bar":"default","ocean_display_header":"default","ocean_header_style":"medium","ocean_center_header_left_menu":"0","ocean_custom_header_template":"0","ocean_custom_logo":0,"ocean_custom_retina_logo":0,"ocean_custom_logo_max_width":0,"ocean_custom_logo_tablet_max_width":0,"ocean_custom_logo_mobile_max_width":0,"ocean_custom_logo_max_height":0,"ocean_custom_logo_tablet_max_height":0,"ocean_custom_logo_mobile_max_height":0,"ocean_header_custom_menu":"0","ocean_menu_typo_font_family":"0","ocean_menu_typo_font_subset":"","ocean_menu_typo_font_size":0,"ocean_menu_typo_font_size_tablet":0,"ocean_menu_typo_font_size_mobile":0,"ocean_menu_typo_font_size_unit":"px","ocean_menu_typo_font_weight":"","ocean_menu_typo_font_weight_tablet":"","ocean_menu_typo_font_weight_mobile":"","ocean_menu_typo_transform":"","ocean_menu_typo_transform_tablet":"","ocean_menu_typo_transform_mobile":"","ocean_menu_typo_line_height":0,"ocean_menu_typo_line_height_tablet":0,"ocean_menu_typo_line_height_mobile":0,"ocean_menu_typo_line_height_unit":"","ocean_menu_typo_spacing":0,"ocean_menu_typo_spacing_tablet":0,"ocean_menu_typo_spacing_mobile":0,"ocean_menu_typo_spacing_unit":"","ocean_menu_link_color":"","ocean_menu_link_color_hover":"","ocean_menu_link_color_active":"","ocean_menu_link_background":"","ocean_menu_link_hover_background":"","ocean_menu_link_active_background":"","ocean_menu_social_links_bg":"","ocean_menu_social_hover_links_bg":"","ocean_menu_social_links_color":"","ocean_menu_social_hover_links_color":"","ocean_disable_title":"on","ocean_disable_heading":"enable","ocean_post_title":"","ocean_post_subheading":"","ocean_post_title_style":"background-image","ocean_post_title_background_color":"","ocean_post_title_background":152,"ocean_post_title_bg_image_position":"","ocean_post_title_bg_image_attachment":"","ocean_post_title_bg_image_repeat":"","ocean_post_title_bg_image_size":"","ocean_post_title_height":300,"ocean_post_title_bg_overlay":0.5,"ocean_post_title_bg_overlay_color":"","ocean_disable_breadcrumbs":"default","ocean_breadcrumbs_color":"","ocean_breadcrumbs_separator_color":"","ocean_breadcrumbs_links_color":"","ocean_breadcrumbs_links_hover_color":"","ocean_display_footer_widgets":"default","ocean_display_footer_bottom":"default","ocean_custom_footer_template":"0"},"_links":{"self":[{"href":"https:\/\/centrum-likwidacji-szkod.pl\/index.php\/wp-json\/wp\/v2\/pages\/82"}],"collection":[{"href":"https:\/\/centrum-likwidacji-szkod.pl\/index.php\/wp-json\/wp\/v2\/pages"}],"about":[{"href":"https:\/\/centrum-likwidacji-szkod.pl\/index.php\/wp-json\/wp\/v2\/types\/page"}],"author":[{"embeddable":true,"href":"https:\/\/centrum-likwidacji-szkod.pl\/index.php\/wp-json\/wp\/v2\/users\/1"}],"replies":[{"embeddable":true,"href":"https:\/\/centrum-likwidacji-szkod.pl\/index.php\/wp-json\/wp\/v2\/comments?post=82"}],"version-history":[{"count":41,"href":"https:\/\/centrum-likwidacji-szkod.pl\/index.php\/wp-json\/wp\/v2\/pages\/82\/revisions"}],"predecessor-version":[{"id":193,"href":"https:\/\/centrum-likwidacji-szkod.pl\/index.php\/wp-json\/wp\/v2\/pages\/82\/revisions\/193"}],"wp:attachment":[{"href":"https:\/\/centrum-likwidacji-szkod.pl\/index.php\/wp-json\/wp\/v2\/media?parent=82"}],"curies":[{"name":"wp","href":"https:\/\/api.w.org\/{rel}","templated":true}]}}